{"id":14963,"date":"2017-01-23T11:22:23","date_gmt":"2017-01-23T11:22:23","guid":{"rendered":"http:\/\/sabriagabarro.com\/?page_id=14963"},"modified":"2021-10-07T20:42:23","modified_gmt":"2021-10-07T18:42:23","slug":"notre-cabinet-davocats","status":"publish","type":"page","link":"https:\/\/sabriagabarro.com\/fr\/notre-cabinet-davocats\/","title":{"rendered":"Notre cabinet d&rsquo;avocats"},"content":{"rendered":"<div id=\"cmsmasters_row_c33da5c6ae\" class=\"cmsmasters_row cmsmasters_color_scheme_default cmsmasters_row_top_default cmsmasters_row_bot_default cmsmasters_row_boxed\">\n<div class=\"cmsmasters_row_outer_parent\">\n<div class=\"cmsmasters_row_outer\">\n<div class=\"cmsmasters_row_inner\">\n<div class=\"cmsmasters_row_margin\">\n<div id=\"cmsmasters_column_29a4257a8a\" class=\"cmsmasters_column one_first\">\n<div class=\"cmsmasters_column_inner\"><div id=\"cmsmasters_heading_368444e419\" class=\"cmsmasters_heading_wrap cmsmasters_heading_align_center\">\n\t<h1 class=\"cmsmasters_heading\">Porquois nous<\/h1>\n<\/div><div id=\"cmsmasters_heading_f34d0bf0e1\" class=\"cmsmasters_heading_wrap cmsmasters_heading_align_center\">\n\t<h2 class=\"cmsmasters_heading\">Qualit\u00e9, int\u00e9grit\u00e9, ind\u00e9pendance et rapidit\u00e9<\/h2>\n<\/div>\n<\/div><\/div>\n<\/div>\n<\/div>\n<\/div>\n<\/div>\n<\/div>\n<div id=\"cmsmasters_row_74dd612180\" class=\"cmsmasters_row cmsmasters_color_scheme_default cmsmasters_row_top_default cmsmasters_row_bot_default cmsmasters_row_boxed\">\n<div class=\"cmsmasters_row_outer_parent\">\n<div class=\"cmsmasters_row_outer\">\n<div class=\"cmsmasters_row_inner\">\n<div class=\"cmsmasters_row_margin\">\n<div id=\"cmsmasters_column_c67c84a065\" class=\"cmsmasters_column one_third\">\n<div class=\"cmsmasters_column_inner\"><div id=\"cmsmasters_icon_be5f3dc501\" class=\"cmsmasters_icon_wrap\"><span class=\"cmsmasters_simple_icon cmsmasters-icon-custom-resume\"><\/span><span class=\"cmsmasters_simple_icon_title\"><\/span><\/div>\n<div id=\"cmsmasters_heading_ef1f84cf46\" class=\"cmsmasters_heading_wrap cmsmasters_heading_align_left\">\n\t<h5 class=\"cmsmasters_heading\">Ind\u00e9pendance absolue.<\/h5>\n<\/div><div class=\"cmsmasters_text\">\n<p>En concevant et en n\u00e9gociant les possibilit\u00e9s qui s\u2019adaptent le mieux \u00e0 ses objectifs ; nous sommes toujours \u00e0 ses c\u00f4t\u00e9s pour le repr\u00e9senter aupr\u00e8s des institutions financi\u00e8res, des investisseurs et de ses publics cibles.<\/p>\n<\/div>\n<\/div><\/div>\n<div id=\"cmsmasters_column_75eb6341ea\" class=\"cmsmasters_column one_third\">\n<div class=\"cmsmasters_column_inner\"><div id=\"cmsmasters_icon_3e07841b35\" class=\"cmsmasters_icon_wrap\"><span class=\"cmsmasters_simple_icon cmsmasters-icon-custom-seminar\"><\/span><span class=\"cmsmasters_simple_icon_title\"><\/span><\/div>\n<div id=\"cmsmasters_heading_a83d1b0182\" class=\"cmsmasters_heading_wrap cmsmasters_heading_align_left\">\n\t<h5 class=\"cmsmasters_heading\">Exp\u00e9rience reconnue<\/h5>\n<\/div><div class=\"cmsmasters_text\">\n<p>Nous apportons \u00e0 nos clients plus de 15 ann\u00e9es d\u2019exp\u00e9rience et de connaissances dans les processus de corporate finance et de conseil en patrimoine.<\/p>\n<\/div>\n<\/div><\/div>\n<div id=\"cmsmasters_column_2e91283bc4\" class=\"cmsmasters_column one_third\">\n<div class=\"cmsmasters_column_inner\"><div id=\"cmsmasters_icon_131222c151\" class=\"cmsmasters_icon_wrap\"><span class=\"cmsmasters_simple_icon cmsmasters-icon-custom-skills\"><\/span><span class=\"cmsmasters_simple_icon_title\"><\/span><\/div>\n<div id=\"cmsmasters_heading_d642e2b2a8\" class=\"cmsmasters_heading_wrap cmsmasters_heading_align_left\">\n\t<h5 class=\"cmsmasters_heading\">Seniority<\/h5>\n<\/div><div class=\"cmsmasters_text\">\n<p>Nous mettons \u00e0 disposition de chaque client une \u00e9quipe senior \u00e0 la t\u00eate de laquelle se trouve un conseiller d\u00e9tenant plus de 10 ans d\u2019exp\u00e9rience dans chacun des domaines abord\u00e9s.<\/p>\n<\/div>\n<\/div><\/div>\n<\/div>\n<\/div>\n<\/div>\n<\/div>\n<\/div>\n<div id=\"cmsmasters_row_cdd931bbef\" class=\"cmsmasters_row cmsmasters_color_scheme_default cmsmasters_row_top_default cmsmasters_row_bot_default cmsmasters_row_boxed\">\n<div class=\"cmsmasters_row_outer_parent\">\n<div class=\"cmsmasters_row_outer\">\n<div class=\"cmsmasters_row_inner\">\n<div class=\"cmsmasters_row_margin\">\n<div id=\"cmsmasters_column_e05303a059\" class=\"cmsmasters_column one_third\">\n<div class=\"cmsmasters_column_inner\"><div id=\"cmsmasters_icon_e8cfb08eac\" class=\"cmsmasters_icon_wrap\"><span class=\"cmsmasters_simple_icon cmsmasters-icon-custom-team\"><\/span><span class=\"cmsmasters_simple_icon_title\"><\/span><\/div>\n<div id=\"cmsmasters_heading_f57d0dc9bb\" class=\"cmsmasters_heading_wrap cmsmasters_heading_align_left\">\n\t<h5 class=\"cmsmasters_heading\">Service global<\/h5>\n<\/div><div class=\"cmsmasters_text\">\n<p>Nous apportons un service global lors des transactions, sur la base du conseil d\u00e8s le d\u00e9but de l\u2019op\u00e9ration, lors de la conception et de la structuration, et lors de l\u2019ex\u00e9cution, de la n\u00e9gociation et de l\u2019organisation de toute la proc\u00e9dure jusqu\u2019\u00e0 sa conclusion. Nous tirons parti des capacit\u00e9s des diff\u00e9rents aspects patrimoniaux, financiers et immobiliers afin de r\u00e9pondre \u00e0 tous les besoins d\u2019expertise pouvant appara\u00eetre pendant les processus de corporate finance.<\/p>\n<\/div>\n<\/div><\/div>\n<div id=\"cmsmasters_column_3605f1ed24\" class=\"cmsmasters_column one_third\">\n<div class=\"cmsmasters_column_inner\"><div id=\"cmsmasters_icon_e8f439a01d\" class=\"cmsmasters_icon_wrap\"><span class=\"cmsmasters_simple_icon cmsmasters-icon-custom-shedule\"><\/span><span class=\"cmsmasters_simple_icon_title\"><\/span><\/div>\n<div id=\"cmsmasters_heading_cac7fdfbdd\" class=\"cmsmasters_heading_wrap cmsmasters_heading_align_left\">\n\t<h5 class=\"cmsmasters_heading\">Pro-activit\u00e9<\/h5>\n<\/div><div class=\"cmsmasters_text\">\n<p>Nous consacrons tout notre temps et tous nos efforts pour g\u00e9n\u00e9rer de nouvelles id\u00e9es et des opportunit\u00e9s d\u2019affaires dans les diff\u00e9rents domaines du patrimoine de nos clients, en nous adaptant \u00e0 leurs besoins et \u00e0 leurs expectatives.<\/p>\n<\/div>\n<\/div><\/div>\n<div id=\"cmsmasters_column_ce666f52cc\" class=\"cmsmasters_column one_third\">\n<div class=\"cmsmasters_column_inner\"><div id=\"cmsmasters_icon_6bab1f9e4d\" class=\"cmsmasters_icon_wrap\"><span class=\"cmsmasters_simple_icon cmsmasters-icon-custom-workplace\"><\/span><span class=\"cmsmasters_simple_icon_title\"><\/span><\/div>\n<div id=\"cmsmasters_heading_1e7e3d25cd\" class=\"cmsmasters_heading_wrap cmsmasters_heading_align_left\">\n\t<h5 class=\"cmsmasters_heading\">Confidentialit\u00e9<\/h5>\n<\/div><div class=\"cmsmasters_text\">\n<p>Nous garantissons un contr\u00f4le absolu des projets et de l\u2019information fournie en pr\u00e9servant toujours la confidentialit\u00e9 des donn\u00e9es de nos clients et dans le cadre des op\u00e9rations pour lesquelles cette derni\u00e8re cette essentielle pour leur succ\u00e8s.<\/p>\n<\/div>\n<\/div><\/div>\n<\/div>\n<\/div>\n<\/div>\n<\/div>\n<\/div>\n<div id=\"cmsmasters_row_4f7cdecb6e\" class=\"cmsmasters_row cmsmasters_color_scheme_default cmsmasters_row_top_default cmsmasters_row_bot_default cmsmasters_row_fullwidth\">\n<div class=\"cmsmasters_row_outer_parent\">\n<div class=\"cmsmasters_row_outer\">\n<div class=\"cmsmasters_row_inner cmsmasters_row_fullwidth cmsmasters_row_no_margin\">\n<div class=\"cmsmasters_row_margin\">\n<div id=\"cmsmasters_column_74dae19e1b\" class=\"cmsmasters_column one_half\">\n<div class=\"cmsmasters_column_inner\"><div id=\"cmsmasters_fb_27763989c5\" class=\"cmsmasters_featured_block\">\n<div class=\"featured_block_inner\">\n<div class=\"featured_block_text\"><\/div>\n<\/div>\n<\/div>\n<\/div><\/div>\n<div id=\"cmsmasters_column_bb14b3ab2a\" class=\"cmsmasters_column one_half\">\n<div class=\"cmsmasters_column_inner\"><div id=\"cmsmasters_fb_d1f4ba2745\" class=\"cmsmasters_featured_block\">\n<div class=\"featured_block_inner\">\n<div class=\"featured_block_text\">\n<div id=\"cmsmasters_heading_56ecd890e3\" class=\"cmsmasters_heading_wrap cmsmasters_heading_align_left\">\n\t<h1 class=\"cmsmasters_heading\">Quienes somos<\/h1>\n<\/div>\n<p><span style=\"color: #ffffff;\">Le cabinet Sabri\u00e0 &amp; Gabarr\u00f3 a \u00e9t\u00e9 fond\u00e9 dans le but d\u2019apporter un service int\u00e9gral \u00e0 ses clients. La mondialisation progressive des rapports commerciaux affecte directement les relations juridiques des entreprises au niveau mondial. C\u2019est la raison pour laquelle, en tenant compte de cet aspect, notre cabinet a pour objectif de r\u00e9pondre aux besoins de nos clients sans oublier le contact personnalis\u00e9 et l\u2019\u00e9tude sur mesure, en apportant tous les soins et la qualit\u00e9 dans les services pr\u00eat\u00e9s.<br \/>\nLe cabinet Sabri\u00e0 &amp; Gabarr\u00f3 est tout particuli\u00e8rement sp\u00e9cialis\u00e9 dans les domaines du droit fiscal et commercial, dans les nouvelles technologies et dans le conseil \u00e0 l\u2019international (investissements d\u2019entreprises \u00e9trang\u00e8res en Espagne et vice-versa). Notre cabinet fournit une assistance juridique en anglais, fran\u00e7ais et allemand.<\/span><\/p>\n\n<\/div>\n<\/div>\n<\/div>\n<\/div><\/div>\n<\/div>\n<\/div>\n<\/div>\n<\/div>\n<\/div>\n<div id=\"cmsmasters_row_1bf2776a18\" class=\"cmsmasters_row cmsmasters_color_scheme_default cmsmasters_row_top_default cmsmasters_row_bot_default cmsmasters_row_boxed\">\n<div class=\"cmsmasters_row_outer_parent\">\n<div class=\"cmsmasters_row_outer\">\n<div class=\"cmsmasters_row_inner\">\n<div class=\"cmsmasters_row_margin\">\n<div id=\"cmsmasters_column_dad4c9567f\" class=\"cmsmasters_column one_first\">\n<div class=\"cmsmasters_column_inner\"><div id=\"cmsmasters_heading_a3679e6094\" class=\"cmsmasters_heading_wrap cmsmasters_heading_align_center\">\n\t<h1 class=\"cmsmasters_heading\">\u00c9quipe<\/h1>\n<\/div><div id=\"cmsmasters_heading_3e7f1b251b\" class=\"cmsmasters_heading_wrap cmsmasters_heading_align_center\">\n\t<h2 class=\"cmsmasters_heading\">Depuis ses d\u00e9buts, Sabri\u00e0 &amp; Gabarr\u00f3 a toujours pr\u00e9serv\u00e9 les valeurs qui sont \u00e0 l\u2019origine de son exercice professionnel : qualit\u00e9, int\u00e9grit\u00e9, ind\u00e9pendance et rapidit\u00e9.<\/h2>\n<\/div><div id=\"cmsmasters_profile_69f84e491cc54\" class=\"cmsmasters_profile horizontal\">\n<!-- Start Profile Horizontal Article -->\n<article id=\"post-14739\" class=\"cmsmasters_profile_horizontal one_half post-14739 profile type-profile status-publish has-post-thumbnail hentry pl-categs-associes-fondateurs\">\n\t<div class=\"profile_outer\">\n\t<div class=\"pl_img_wrap\"><figure class=\"cmsmasters_img_wrap\"><a href=\"https:\/\/sabriagabarro.com\/fr\/profile\/sofia-gabarro-taule\/\" title=\"Sofia Gabarr\u00f3 Taul\u00e9\" class=\"cmsmasters_img_link\"><img width=\"300\" height=\"300\" src=\"https:\/\/sabriagabarro.com\/wp-content\/uploads\/2016\/06\/work3-300x300.jpg\" class=\" wp-post-image\" alt=\"Sofia Gabarr\u00f3 Taul\u00e9\" loading=\"lazy\" title=\"sofia gabarro\" srcset=\"https:\/\/sabriagabarro.com\/wp-content\/uploads\/2016\/06\/work3-300x300.jpg 300w, https:\/\/sabriagabarro.com\/wp-content\/uploads\/2016\/06\/work3-540x540.jpg 540w, https:\/\/sabriagabarro.com\/wp-content\/uploads\/2016\/06\/work3-100x100.jpg 100w, https:\/\/sabriagabarro.com\/wp-content\/uploads\/2016\/06\/work3-150x150.jpg 150w, https:\/\/sabriagabarro.com\/wp-content\/uploads\/2016\/06\/work3-90x90.jpg 90w\" sizes=\"(max-width: 300px) 100vw, 300px\" \/><\/a><\/figure><\/div><div class=\"profile_inner\"><header class=\"cmsmasters_profile_header entry-header\"><h3 class=\"cmsmasters_profile_title entry-title\"><a href=\"https:\/\/sabriagabarro.com\/fr\/profile\/sofia-gabarro-taule\/\">Sofia Gabarr\u00f3 Taul\u00e9<\/a><\/h3><h6 class=\"cmsmasters_profile_subtitle\">Associ\u00e9 Fondateur<\/h6><\/header><div class=\"cmsmasters_profile_content entry-content\">\n<p>Associ\u00e9e Fondateur de Sabria & Gabarro Avocats<\/p>\n<\/div>\n<\/div>\t<\/div>\n<\/article>\n<!-- Finish Profile Horizontal Article -->\n\n<!-- Start Profile Horizontal Article -->\n<article id=\"post-14727\" class=\"cmsmasters_profile_horizontal one_half post-14727 profile type-profile status-publish has-post-thumbnail hentry pl-categs-associes-fondateurs\">\n\t<div class=\"profile_outer\">\n\t<div class=\"pl_img_wrap\"><figure class=\"cmsmasters_img_wrap\"><a href=\"https:\/\/sabriagabarro.com\/fr\/profile\/jordi-sabria-creixell\/\" title=\"Jordi Sabri\u00e0 Creixell\" class=\"cmsmasters_img_link\"><img width=\"300\" height=\"300\" src=\"https:\/\/sabriagabarro.com\/wp-content\/uploads\/2016\/12\/work5-300x300.jpg\" class=\" wp-post-image\" alt=\"Jordi Sabri\u00e0 Creixell\" loading=\"lazy\" title=\"sabriagabarro_abogados\" srcset=\"https:\/\/sabriagabarro.com\/wp-content\/uploads\/2016\/12\/work5-300x300.jpg 300w, https:\/\/sabriagabarro.com\/wp-content\/uploads\/2016\/12\/work5-540x540.jpg 540w, https:\/\/sabriagabarro.com\/wp-content\/uploads\/2016\/12\/work5-100x100.jpg 100w, https:\/\/sabriagabarro.com\/wp-content\/uploads\/2016\/12\/work5-150x150.jpg 150w, https:\/\/sabriagabarro.com\/wp-content\/uploads\/2016\/12\/work5-90x90.jpg 90w\" sizes=\"(max-width: 300px) 100vw, 300px\" \/><\/a><\/figure><\/div><div class=\"profile_inner\"><header class=\"cmsmasters_profile_header entry-header\"><h3 class=\"cmsmasters_profile_title entry-title\"><a href=\"https:\/\/sabriagabarro.com\/fr\/profile\/jordi-sabria-creixell\/\">Jordi Sabri\u00e0 Creixell<\/a><\/h3><h6 class=\"cmsmasters_profile_subtitle\">Associ\u00e9 Fondateur<\/h6><\/header><div class=\"cmsmasters_profile_content entry-content\">\n<p>Associ\u00e9 Fondateur de Sabria & Gabarro Avocats<\/p>\n<\/div>\n<\/div>\t<\/div>\n<\/article>\n<!-- Finish Profile Horizontal Article -->\n\n<\/div>\n<div id=\"cmsmasters_divider_5ba518a87e\" class=\"cl\"><\/div>\n<\/div><\/div>\n<\/div>\n<\/div>\n<\/div>\n<\/div>\n<\/div>\n\n","protected":false},"excerpt":{"rendered":"","protected":false},"author":1,"featured_media":0,"parent":0,"menu_order":0,"comment_status":"closed","ping_status":"closed","template":"","meta":[],"yoast_head":"<!-- This site is optimized with the Yoast SEO plugin v19.8 - https:\/\/yoast.com\/wordpress\/plugins\/seo\/ -->\n<title>Notre cabinet d&#039;avocats - Sabria &amp; Gabarro<\/title>\n<meta name=\"robots\" content=\"index, follow, max-snippet:-1, max-image-preview:large, max-video-preview:-1\" \/>\n<link rel=\"canonical\" href=\"https:\/\/sabriagabarro.com\/fr\/notre-cabinet-davocats\/\" \/>\n<meta property=\"og:locale\" content=\"fr_FR\" \/>\n<meta property=\"og:type\" content=\"article\" \/>\n<meta property=\"og:title\" content=\"Notre cabinet d&#039;avocats - Sabria &amp; Gabarro\" \/>\n<meta property=\"og:url\" content=\"https:\/\/sabriagabarro.com\/fr\/notre-cabinet-davocats\/\" \/>\n<meta property=\"og:site_name\" content=\"Sabria &amp; Gabarro\" \/>\n<meta property=\"article:modified_time\" content=\"2021-10-07T18:42:23+00:00\" \/>\n<meta name=\"twitter:card\" content=\"summary_large_image\" \/>\n<meta name=\"twitter:label1\" content=\"Dur\u00e9e de lecture estim\u00e9e\" \/>\n\t<meta name=\"twitter:data1\" content=\"3 minutes\" \/>\n<script type=\"application\/ld+json\" class=\"yoast-schema-graph\">{\"@context\":\"https:\/\/schema.org\",\"@graph\":[{\"@type\":\"WebPage\",\"@id\":\"https:\/\/sabriagabarro.com\/fr\/notre-cabinet-davocats\/\",\"url\":\"https:\/\/sabriagabarro.com\/fr\/notre-cabinet-davocats\/\",\"name\":\"Notre cabinet d'avocats - Sabria &amp; Gabarro\",\"isPartOf\":{\"@id\":\"https:\/\/sabriagabarro.com\/en\/#website\"},\"datePublished\":\"2017-01-23T11:22:23+00:00\",\"dateModified\":\"2021-10-07T18:42:23+00:00\",\"breadcrumb\":{\"@id\":\"https:\/\/sabriagabarro.com\/fr\/notre-cabinet-davocats\/#breadcrumb\"},\"inLanguage\":\"fr-FR\",\"potentialAction\":[{\"@type\":\"ReadAction\",\"target\":[\"https:\/\/sabriagabarro.com\/fr\/notre-cabinet-davocats\/\"]}]},{\"@type\":\"BreadcrumbList\",\"@id\":\"https:\/\/sabriagabarro.com\/fr\/notre-cabinet-davocats\/#breadcrumb\",\"itemListElement\":[{\"@type\":\"ListItem\",\"position\":1,\"name\":\"Portada\",\"item\":\"https:\/\/sabriagabarro.com\/fr\/\"},{\"@type\":\"ListItem\",\"position\":2,\"name\":\"Notre cabinet d&rsquo;avocats\"}]},{\"@type\":\"WebSite\",\"@id\":\"https:\/\/sabriagabarro.com\/en\/#website\",\"url\":\"https:\/\/sabriagabarro.com\/en\/\",\"name\":\"Sabria &amp; Gabarro\",\"description\":\"Abogados\",\"potentialAction\":[{\"@type\":\"SearchAction\",\"target\":{\"@type\":\"EntryPoint\",\"urlTemplate\":\"https:\/\/sabriagabarro.com\/en\/?s={search_term_string}\"},\"query-input\":\"required name=search_term_string\"}],\"inLanguage\":\"fr-FR\"}]}<\/script>\n<!-- \/ Yoast SEO plugin. -->","yoast_head_json":{"title":"Notre cabinet d'avocats - Sabria &amp; Gabarro","robots":{"index":"index","follow":"follow","max-snippet":"max-snippet:-1","max-image-preview":"max-image-preview:large","max-video-preview":"max-video-preview:-1"},"canonical":"https:\/\/sabriagabarro.com\/fr\/notre-cabinet-davocats\/","og_locale":"fr_FR","og_type":"article","og_title":"Notre cabinet d'avocats - Sabria &amp; Gabarro","og_url":"https:\/\/sabriagabarro.com\/fr\/notre-cabinet-davocats\/","og_site_name":"Sabria &amp; Gabarro","article_modified_time":"2021-10-07T18:42:23+00:00","twitter_card":"summary_large_image","twitter_misc":{"Dur\u00e9e de lecture estim\u00e9e":"3 minutes"},"schema":{"@context":"https:\/\/schema.org","@graph":[{"@type":"WebPage","@id":"https:\/\/sabriagabarro.com\/fr\/notre-cabinet-davocats\/","url":"https:\/\/sabriagabarro.com\/fr\/notre-cabinet-davocats\/","name":"Notre cabinet d'avocats - Sabria &amp; Gabarro","isPartOf":{"@id":"https:\/\/sabriagabarro.com\/en\/#website"},"datePublished":"2017-01-23T11:22:23+00:00","dateModified":"2021-10-07T18:42:23+00:00","breadcrumb":{"@id":"https:\/\/sabriagabarro.com\/fr\/notre-cabinet-davocats\/#breadcrumb"},"inLanguage":"fr-FR","potentialAction":[{"@type":"ReadAction","target":["https:\/\/sabriagabarro.com\/fr\/notre-cabinet-davocats\/"]}]},{"@type":"BreadcrumbList","@id":"https:\/\/sabriagabarro.com\/fr\/notre-cabinet-davocats\/#breadcrumb","itemListElement":[{"@type":"ListItem","position":1,"name":"Portada","item":"https:\/\/sabriagabarro.com\/fr\/"},{"@type":"ListItem","position":2,"name":"Notre cabinet d&rsquo;avocats"}]},{"@type":"WebSite","@id":"https:\/\/sabriagabarro.com\/en\/#website","url":"https:\/\/sabriagabarro.com\/en\/","name":"Sabria &amp; Gabarro","description":"Abogados","potentialAction":[{"@type":"SearchAction","target":{"@type":"EntryPoint","urlTemplate":"https:\/\/sabriagabarro.com\/en\/?s={search_term_string}"},"query-input":"required name=search_term_string"}],"inLanguage":"fr-FR"}]}},"_links":{"self":[{"href":"https:\/\/sabriagabarro.com\/fr\/wp-json\/wp\/v2\/pages\/14963"}],"collection":[{"href":"https:\/\/sabriagabarro.com\/fr\/wp-json\/wp\/v2\/pages"}],"about":[{"href":"https:\/\/sabriagabarro.com\/fr\/wp-json\/wp\/v2\/types\/page"}],"author":[{"embeddable":true,"href":"https:\/\/sabriagabarro.com\/fr\/wp-json\/wp\/v2\/users\/1"}],"replies":[{"embeddable":true,"href":"https:\/\/sabriagabarro.com\/fr\/wp-json\/wp\/v2\/comments?post=14963"}],"version-history":[{"count":5,"href":"https:\/\/sabriagabarro.com\/fr\/wp-json\/wp\/v2\/pages\/14963\/revisions"}],"predecessor-version":[{"id":15423,"href":"https:\/\/sabriagabarro.com\/fr\/wp-json\/wp\/v2\/pages\/14963\/revisions\/15423"}],"wp:attachment":[{"href":"https:\/\/sabriagabarro.com\/fr\/wp-json\/wp\/v2\/media?parent=14963"}],"curies":[{"name":"wp","href":"https:\/\/api.w.org\/{rel}","templated":true}]}}