{"id":14924,"date":"2017-01-23T09:53:22","date_gmt":"2017-01-23T09:53:22","guid":{"rendered":"http:\/\/sabriagabarro.com\/?page_id=14924"},"modified":"2021-10-07T19:45:56","modified_gmt":"2021-10-07T17:45:56","slug":"articles-et-nouvelles","status":"publish","type":"page","link":"https:\/\/sabriagabarro.com\/fr\/articles-et-nouvelles\/","title":{"rendered":"Articles et Nouvelles"},"content":{"rendered":"<div id=\"cmsmasters_row_\" class=\"cmsmasters_row cmsmasters_color_scheme_default cmsmasters_row_top_default cmsmasters_row_bot_default cmsmasters_row_boxed\">\n<div class=\"cmsmasters_row_outer_parent\">\n<div class=\"cmsmasters_row_outer\">\n<div class=\"cmsmasters_row_inner\">\n<div class=\"cmsmasters_row_margin\">\n<div id=\"cmsmasters_column_\" class=\"cmsmasters_column one_first\">\n<div class=\"cmsmasters_column_inner\"><div id=\"cmsmasters_divider_\" class=\"cl\"><\/div><div id=\"blog_\" class=\"cmsmasters_wrap_blog entry-summary\" data-layout=\"timeline\" data-layout-mode=\"\" data-url=\"https:\/\/sabriagabarro.com\/wp-content\/plugins\/cmsmasters-content-composer\/\" data-orderby=\"date\" data-order=\"ASC\" data-count=\"8\" data-categories=\"\" data-metadata=\"date,categories,more\" data-pagination=\"more\"><div class=\"blog timeline\"><!-- Start Post Timeline Article -->\n<article id=\"post-14918\" class=\"cmsmasters_post_timeline post-14918 post type-post status-publish format-standard has-post-thumbnail hentry category-droit\">\n\t<div class=\"cmsmasters_post_info entry-meta\"><span class=\"cmsmasters_post_date\"><abbr class=\"published\" title=\"23\/01\/2017\">23\/01\/2017<\/abbr><abbr class=\"dn date updated\" title=\"23\/01\/2017\">23\/01\/2017<\/abbr><\/span><\/div>\t<div class=\"cmsmasters_timeline_margin\">\n\t\t<div class=\"cmsmasters_post_cont_wrap\">\n\t\t\t<figure class=\"cmsmasters_img_wrap\"><a href=\"https:\/\/sabriagabarro.com\/fr\/bienvenue-notre-blog\/\" title=\"Bienvenue \u00e0 notre blog\" class=\"cmsmasters_img_link preloader\"><img width=\"580\" height=\"370\" src=\"https:\/\/sabriagabarro.com\/wp-content\/uploads\/2016\/06\/work3-580x370.jpg\" class=\"full-width wp-post-image\" alt=\"Bienvenue \u00e0 notre blog\" loading=\"lazy\" title=\"sofia gabarro\" \/><\/a><\/figure>\t\t\t<div class=\"cmsmasters_post_cont\">\n\t\t\t\t<div class=\"cmsmasters_post_cont_inner\">\n\t\t\t\t\t<div class=\"cmsmasters_post_head entry-meta\"><div class=\"cmsmasters_post_cont_info entry-meta\"><span class=\"cmsmasters_post_category\">in <a href=\"https:\/\/sabriagabarro.com\/fr\/category\/droit\/\" class=\"cmsmasters_cat_color cmsmasters_cat_87\" rel=\"category tag\">Droit<\/a><\/span><\/div><\/div><header class=\"cmsmasters_post_header entry-header\"><h4 class=\"cmsmasters_post_title entry-title\"><a href=\"https:\/\/sabriagabarro.com\/fr\/bienvenue-notre-blog\/\">Bienvenue \u00e0 notre blog<\/a><\/h4><\/header><div class=\"cmsmasters_post_content entry-content\">\n<p>Dans cette section, nous allons publier r\u00e9guli\u00e8rement des links, des articles et des nouvelles d&rsquo;int\u00e9r\u00eat pour nos utilisateurs.<\/p>\n<\/div>\n<div class=\"cmsmasters_post_read_more_wrap\"><a class=\"cmsmasters_post_read_more\" href=\"https:\/\/sabriagabarro.com\/fr\/bienvenue-notre-blog\/\">Read More<\/a><\/div>\t\t\t\t<\/div>\n\t\t\t<\/div>\n\t\t<\/div>\n\t<\/div>\n<\/article>\n<!-- Finish Post Timeline Article -->\n\n<\/div><div class=\"cmsmasters_wrap_more_posts cmsmasters_wrap_more_items\"><\/div><\/div>\n<\/div><\/div>\n<\/div>\n<\/div>\n<\/div>\n<\/div>\n<\/div>\n<div id=\"cmsmasters_row_\" class=\"cmsmasters_row cmsmasters_color_scheme_default cmsmasters_row_top_default cmsmasters_row_bot_default cmsmasters_row_fullwidth\">\n<div class=\"cmsmasters_row_outer_parent\">\n<div class=\"cmsmasters_row_outer\">\n<div class=\"cmsmasters_row_inner cmsmasters_row_fullwidth\">\n<div class=\"cmsmasters_row_margin\">\n<div id=\"cmsmasters_column_\" class=\"cmsmasters_column one_first\">\n<div class=\"cmsmasters_column_inner\"><div id=\"cmsmasters_divider_\" class=\"cmsmasters_divider cmsmasters_divider_width_long cmsmasters_divider_pos_center\"><\/div>\n<\/div><\/div>\n<\/div>\n<\/div>\n<\/div>\n<\/div>\n<\/div>\n\n","protected":false},"excerpt":{"rendered":"","protected":false},"author":1,"featured_media":0,"parent":0,"menu_order":0,"comment_status":"closed","ping_status":"closed","template":"","meta":[],"yoast_head":"<!-- This site is optimized with the Yoast SEO plugin v19.8 - https:\/\/yoast.com\/wordpress\/plugins\/seo\/ -->\n<title>Articles et Nouvelles - Sabria &amp; Gabarro<\/title>\n<meta name=\"robots\" content=\"index, follow, max-snippet:-1, max-image-preview:large, max-video-preview:-1\" \/>\n<link rel=\"canonical\" href=\"https:\/\/sabriagabarro.com\/fr\/articles-et-nouvelles\/\" \/>\n<meta property=\"og:locale\" content=\"fr_FR\" \/>\n<meta property=\"og:type\" content=\"article\" \/>\n<meta property=\"og:title\" content=\"Articles et Nouvelles - Sabria &amp; Gabarro\" \/>\n<meta property=\"og:url\" content=\"https:\/\/sabriagabarro.com\/fr\/articles-et-nouvelles\/\" \/>\n<meta property=\"og:site_name\" content=\"Sabria &amp; Gabarro\" \/>\n<meta property=\"article:modified_time\" content=\"2021-10-07T17:45:56+00:00\" \/>\n<meta name=\"twitter:card\" content=\"summary_large_image\" \/>\n<meta name=\"twitter:label1\" content=\"Dur\u00e9e de lecture estim\u00e9e\" \/>\n\t<meta name=\"twitter:data1\" content=\"1 minute\" \/>\n<script type=\"application\/ld+json\" class=\"yoast-schema-graph\">{\"@context\":\"https:\/\/schema.org\",\"@graph\":[{\"@type\":\"WebPage\",\"@id\":\"https:\/\/sabriagabarro.com\/fr\/articles-et-nouvelles\/\",\"url\":\"https:\/\/sabriagabarro.com\/fr\/articles-et-nouvelles\/\",\"name\":\"Articles et Nouvelles - Sabria &amp; Gabarro\",\"isPartOf\":{\"@id\":\"https:\/\/sabriagabarro.com\/en\/#website\"},\"datePublished\":\"2017-01-23T09:53:22+00:00\",\"dateModified\":\"2021-10-07T17:45:56+00:00\",\"breadcrumb\":{\"@id\":\"https:\/\/sabriagabarro.com\/fr\/articles-et-nouvelles\/#breadcrumb\"},\"inLanguage\":\"fr-FR\",\"potentialAction\":[{\"@type\":\"ReadAction\",\"target\":[\"https:\/\/sabriagabarro.com\/fr\/articles-et-nouvelles\/\"]}]},{\"@type\":\"BreadcrumbList\",\"@id\":\"https:\/\/sabriagabarro.com\/fr\/articles-et-nouvelles\/#breadcrumb\",\"itemListElement\":[{\"@type\":\"ListItem\",\"position\":1,\"name\":\"Portada\",\"item\":\"https:\/\/sabriagabarro.com\/fr\/\"},{\"@type\":\"ListItem\",\"position\":2,\"name\":\"Articles et Nouvelles\"}]},{\"@type\":\"WebSite\",\"@id\":\"https:\/\/sabriagabarro.com\/en\/#website\",\"url\":\"https:\/\/sabriagabarro.com\/en\/\",\"name\":\"Sabria &amp; Gabarro\",\"description\":\"Abogados\",\"potentialAction\":[{\"@type\":\"SearchAction\",\"target\":{\"@type\":\"EntryPoint\",\"urlTemplate\":\"https:\/\/sabriagabarro.com\/en\/?s={search_term_string}\"},\"query-input\":\"required name=search_term_string\"}],\"inLanguage\":\"fr-FR\"}]}<\/script>\n<!-- \/ Yoast SEO plugin. -->","yoast_head_json":{"title":"Articles et Nouvelles - Sabria &amp; Gabarro","robots":{"index":"index","follow":"follow","max-snippet":"max-snippet:-1","max-image-preview":"max-image-preview:large","max-video-preview":"max-video-preview:-1"},"canonical":"https:\/\/sabriagabarro.com\/fr\/articles-et-nouvelles\/","og_locale":"fr_FR","og_type":"article","og_title":"Articles et Nouvelles - Sabria &amp; Gabarro","og_url":"https:\/\/sabriagabarro.com\/fr\/articles-et-nouvelles\/","og_site_name":"Sabria &amp; Gabarro","article_modified_time":"2021-10-07T17:45:56+00:00","twitter_card":"summary_large_image","twitter_misc":{"Dur\u00e9e de lecture estim\u00e9e":"1 minute"},"schema":{"@context":"https:\/\/schema.org","@graph":[{"@type":"WebPage","@id":"https:\/\/sabriagabarro.com\/fr\/articles-et-nouvelles\/","url":"https:\/\/sabriagabarro.com\/fr\/articles-et-nouvelles\/","name":"Articles et Nouvelles - Sabria &amp; Gabarro","isPartOf":{"@id":"https:\/\/sabriagabarro.com\/en\/#website"},"datePublished":"2017-01-23T09:53:22+00:00","dateModified":"2021-10-07T17:45:56+00:00","breadcrumb":{"@id":"https:\/\/sabriagabarro.com\/fr\/articles-et-nouvelles\/#breadcrumb"},"inLanguage":"fr-FR","potentialAction":[{"@type":"ReadAction","target":["https:\/\/sabriagabarro.com\/fr\/articles-et-nouvelles\/"]}]},{"@type":"BreadcrumbList","@id":"https:\/\/sabriagabarro.com\/fr\/articles-et-nouvelles\/#breadcrumb","itemListElement":[{"@type":"ListItem","position":1,"name":"Portada","item":"https:\/\/sabriagabarro.com\/fr\/"},{"@type":"ListItem","position":2,"name":"Articles et Nouvelles"}]},{"@type":"WebSite","@id":"https:\/\/sabriagabarro.com\/en\/#website","url":"https:\/\/sabriagabarro.com\/en\/","name":"Sabria &amp; Gabarro","description":"Abogados","potentialAction":[{"@type":"SearchAction","target":{"@type":"EntryPoint","urlTemplate":"https:\/\/sabriagabarro.com\/en\/?s={search_term_string}"},"query-input":"required name=search_term_string"}],"inLanguage":"fr-FR"}]}},"_links":{"self":[{"href":"https:\/\/sabriagabarro.com\/fr\/wp-json\/wp\/v2\/pages\/14924"}],"collection":[{"href":"https:\/\/sabriagabarro.com\/fr\/wp-json\/wp\/v2\/pages"}],"about":[{"href":"https:\/\/sabriagabarro.com\/fr\/wp-json\/wp\/v2\/types\/page"}],"author":[{"embeddable":true,"href":"https:\/\/sabriagabarro.com\/fr\/wp-json\/wp\/v2\/users\/1"}],"replies":[{"embeddable":true,"href":"https:\/\/sabriagabarro.com\/fr\/wp-json\/wp\/v2\/comments?post=14924"}],"version-history":[{"count":1,"href":"https:\/\/sabriagabarro.com\/fr\/wp-json\/wp\/v2\/pages\/14924\/revisions"}],"predecessor-version":[{"id":14925,"href":"https:\/\/sabriagabarro.com\/fr\/wp-json\/wp\/v2\/pages\/14924\/revisions\/14925"}],"wp:attachment":[{"href":"https:\/\/sabriagabarro.com\/fr\/wp-json\/wp\/v2\/media?parent=14924"}],"curies":[{"name":"wp","href":"https:\/\/api.w.org\/{rel}","templated":true}]}}