{"id":14954,"date":"2017-01-23T10:55:43","date_gmt":"2017-01-23T10:55:43","guid":{"rendered":"http:\/\/sabriagabarro.com\/?page_id=14954"},"modified":"2021-10-07T20:20:11","modified_gmt":"2021-10-07T18:20:11","slug":"nostre-bufet-dadvocats","status":"publish","type":"page","link":"https:\/\/sabriagabarro.com\/ca\/nostre-bufet-dadvocats\/","title":{"rendered":"El nostre bufet d&#8217;advocats"},"content":{"rendered":"<div id=\"cmsmasters_row_c33da5c6ae\" class=\"cmsmasters_row cmsmasters_color_scheme_default cmsmasters_row_top_default cmsmasters_row_bot_default cmsmasters_row_boxed\">\n<div class=\"cmsmasters_row_outer_parent\">\n<div class=\"cmsmasters_row_outer\">\n<div class=\"cmsmasters_row_inner\">\n<div class=\"cmsmasters_row_margin\">\n<div id=\"cmsmasters_column_29a4257a8a\" class=\"cmsmasters_column one_first\">\n<div class=\"cmsmasters_column_inner\"><div id=\"cmsmasters_heading_368444e419\" class=\"cmsmasters_heading_wrap cmsmasters_heading_align_center\">\n\t<h1 class=\"cmsmasters_heading\">Perqu\u00e8 nosaltres<\/h1>\n<\/div><div id=\"cmsmasters_heading_f34d0bf0e1\" class=\"cmsmasters_heading_wrap cmsmasters_heading_align_center\">\n\t<h2 class=\"cmsmasters_heading\">Calidad, integridad, independencia y celeridad<\/h2>\n<\/div>\n<\/div><\/div>\n<\/div>\n<\/div>\n<\/div>\n<\/div>\n<\/div>\n<div id=\"cmsmasters_row_74dd612180\" class=\"cmsmasters_row cmsmasters_color_scheme_default cmsmasters_row_top_default cmsmasters_row_bot_default cmsmasters_row_boxed\">\n<div class=\"cmsmasters_row_outer_parent\">\n<div class=\"cmsmasters_row_outer\">\n<div class=\"cmsmasters_row_inner\">\n<div class=\"cmsmasters_row_margin\">\n<div id=\"cmsmasters_column_c67c84a065\" class=\"cmsmasters_column one_third\">\n<div class=\"cmsmasters_column_inner\"><div id=\"cmsmasters_icon_be5f3dc501\" class=\"cmsmasters_icon_wrap\"><span class=\"cmsmasters_simple_icon cmsmasters-icon-custom-resume\"><\/span><span class=\"cmsmasters_simple_icon_title\"><\/span><\/div>\n<div id=\"cmsmasters_heading_ef1f84cf46\" class=\"cmsmasters_heading_wrap cmsmasters_heading_align_left\">\n\t<h5 class=\"cmsmasters_heading\">Absoluta independencia<\/h5>\n<\/div><div class=\"cmsmasters_text\">\n<p>Dise\u00f1ando y negociando las alternativas que mejor se adaptan a los objetivos del cliente, siempre del lado<br \/>\ndel cliente frente a instituciones financieras, inversores y targets.<\/p>\n<\/div>\n<\/div><\/div>\n<div id=\"cmsmasters_column_75eb6341ea\" class=\"cmsmasters_column one_third\">\n<div class=\"cmsmasters_column_inner\"><div id=\"cmsmasters_icon_3e07841b35\" class=\"cmsmasters_icon_wrap\"><span class=\"cmsmasters_simple_icon cmsmasters-icon-custom-seminar\"><\/span><span class=\"cmsmasters_simple_icon_title\"><\/span><\/div>\n<div id=\"cmsmasters_heading_a83d1b0182\" class=\"cmsmasters_heading_wrap cmsmasters_heading_align_left\">\n\t<h5 class=\"cmsmasters_heading\">Experiencia reconocida<\/h5>\n<\/div><div class=\"cmsmasters_text\">\n<p>Aportamos m\u00e1s de 15 a\u00f1os de experiencia acumulada de nuestros socios en operaciones de corporate<br \/>\nfinance y asesoramiento patrimonial.<\/p>\n<\/div>\n<\/div><\/div>\n<div id=\"cmsmasters_column_2e91283bc4\" class=\"cmsmasters_column one_third\">\n<div class=\"cmsmasters_column_inner\"><div id=\"cmsmasters_icon_131222c151\" class=\"cmsmasters_icon_wrap\"><span class=\"cmsmasters_simple_icon cmsmasters-icon-custom-skills\"><\/span><span class=\"cmsmasters_simple_icon_title\"><\/span><\/div>\n<div id=\"cmsmasters_heading_d642e2b2a8\" class=\"cmsmasters_heading_wrap cmsmasters_heading_align_left\">\n\t<h5 class=\"cmsmasters_heading\">Seniority<\/h5>\n<\/div><div class=\"cmsmasters_text\">\n<p>Dotamos a cada cliente de un equipo senior dirigido por un asesor con m\u00e1s de 10 a\u00f1os de experiencia en<br \/>\ncada \u00e1rea de servicio.<\/p>\n<\/div>\n<\/div><\/div>\n<\/div>\n<\/div>\n<\/div>\n<\/div>\n<\/div>\n<div id=\"cmsmasters_row_cdd931bbef\" class=\"cmsmasters_row cmsmasters_color_scheme_default cmsmasters_row_top_default cmsmasters_row_bot_default cmsmasters_row_boxed\">\n<div class=\"cmsmasters_row_outer_parent\">\n<div class=\"cmsmasters_row_outer\">\n<div class=\"cmsmasters_row_inner\">\n<div class=\"cmsmasters_row_margin\">\n<div id=\"cmsmasters_column_e05303a059\" class=\"cmsmasters_column one_third\">\n<div class=\"cmsmasters_column_inner\"><div id=\"cmsmasters_icon_e8cfb08eac\" class=\"cmsmasters_icon_wrap\"><span class=\"cmsmasters_simple_icon cmsmasters-icon-custom-team\"><\/span><span class=\"cmsmasters_simple_icon_title\"><\/span><\/div>\n<div id=\"cmsmasters_heading_f57d0dc9bb\" class=\"cmsmasters_heading_wrap cmsmasters_heading_align_left\">\n\t<h5 class=\"cmsmasters_heading\">Servicio global<\/h5>\n<\/div><div class=\"cmsmasters_text\">\n<p>Ofrecemos un servicio total en las transacciones asesorando desde su inicio, en el dise\u00f1o y estructuraci\u00f3n, y en la ejecuci\u00f3n, negociaci\u00f3n y organizaci\u00f3n de todo el proceso hasta su cierre. Aprovechamos las<br \/>\ncapacidades en las diferentes vertientes de patrimonio, financiero e inmobiliario, para cubrir todas las necesidades de expertise que pueden surgir en operaciones de Corporate Finance.<\/p>\n<\/div>\n<\/div><\/div>\n<div id=\"cmsmasters_column_3605f1ed24\" class=\"cmsmasters_column one_third\">\n<div class=\"cmsmasters_column_inner\"><div id=\"cmsmasters_icon_e8f439a01d\" class=\"cmsmasters_icon_wrap\"><span class=\"cmsmasters_simple_icon cmsmasters-icon-custom-shedule\"><\/span><span class=\"cmsmasters_simple_icon_title\"><\/span><\/div>\n<div id=\"cmsmasters_heading_cac7fdfbdd\" class=\"cmsmasters_heading_wrap cmsmasters_heading_align_left\">\n\t<h5 class=\"cmsmasters_heading\">Pro-actividad<\/h5>\n<\/div><div class=\"cmsmasters_text\">\n<p>Dedicamos tiempo y esfuerzo a generar ideas y oportunidades de negocio entre las diferentes vertientes del patrimonio de nuestro clientes que se adapten a sus necesidades y expectativas.<\/p>\n<\/div>\n<\/div><\/div>\n<div id=\"cmsmasters_column_ce666f52cc\" class=\"cmsmasters_column one_third\">\n<div class=\"cmsmasters_column_inner\"><div id=\"cmsmasters_icon_6bab1f9e4d\" class=\"cmsmasters_icon_wrap\"><span class=\"cmsmasters_simple_icon cmsmasters-icon-custom-workplace\"><\/span><span class=\"cmsmasters_simple_icon_title\"><\/span><\/div>\n<div id=\"cmsmasters_heading_1e7e3d25cd\" class=\"cmsmasters_heading_wrap cmsmasters_heading_align_left\">\n\t<h5 class=\"cmsmasters_heading\">Confidencialidad<\/h5>\n<\/div><div class=\"cmsmasters_text\">\n<p>Mantenemos un control absoluto de los proyectos y en la informaci\u00f3n suministrada, preservando siempre la confidencialidad de los temas de nuestros clientes y de la operaci\u00f3n a aquella que es estrictamente<br \/>\nnecesaria para su \u00e9xito.<\/p>\n<\/div>\n<\/div><\/div>\n<\/div>\n<\/div>\n<\/div>\n<\/div>\n<\/div>\n<div id=\"cmsmasters_row_4f7cdecb6e\" class=\"cmsmasters_row cmsmasters_color_scheme_default cmsmasters_row_top_default cmsmasters_row_bot_default cmsmasters_row_fullwidth\">\n<div class=\"cmsmasters_row_outer_parent\">\n<div class=\"cmsmasters_row_outer\">\n<div class=\"cmsmasters_row_inner cmsmasters_row_fullwidth cmsmasters_row_no_margin\">\n<div class=\"cmsmasters_row_margin\">\n<div id=\"cmsmasters_column_74dae19e1b\" class=\"cmsmasters_column one_half\">\n<div class=\"cmsmasters_column_inner\"><div id=\"cmsmasters_fb_27763989c5\" class=\"cmsmasters_featured_block\">\n<div class=\"featured_block_inner\">\n<div class=\"featured_block_text\"><\/div>\n<\/div>\n<\/div>\n<\/div><\/div>\n<div id=\"cmsmasters_column_bb14b3ab2a\" class=\"cmsmasters_column one_half\">\n<div class=\"cmsmasters_column_inner\"><div id=\"cmsmasters_fb_d1f4ba2745\" class=\"cmsmasters_featured_block\">\n<div class=\"featured_block_inner\">\n<div class=\"featured_block_text\">\n<div id=\"cmsmasters_heading_56ecd890e3\" class=\"cmsmasters_heading_wrap cmsmasters_heading_align_left\">\n\t<h1 class=\"cmsmasters_heading\">Quienes somos<\/h1>\n<\/div>\n<p><span style=\"color: #ffffff;\">El despacho Sabri\u00e0 &amp; Gabarr\u00f3 se constituy\u00f3 con la finalidad de ofrecer un servicio integral a sus clientes. La progresiva globalizaci\u00f3n de las relaciones comerciales, afecta y tiene una traducci\u00f3n directa en la relaci\u00f3n jur\u00eddico material de las empresas a nivel mundial. Por ello, y desde esta perspectiva, el Bufete pretende satisfacer las necesidades de sus clientes, pero sin olvidar el trato y estudio artesano, cuidadoso y de calidad en los servicios que presta.<br \/>\nSabri\u00e0 &amp; Gabarr\u00f3 es especialmente activo en las \u00e1reas jur\u00eddico fiscales, mercantiles, nuevas tecnolog\u00edas y asesoramiento internacional (inversiones extranjeras en Espa\u00f1a y viceversa). Este despacho presta<br \/>\nasistencia jur\u00eddica en lengua inglesa, francesa y alemana.<\/span><\/p>\n\n<\/div>\n<\/div>\n<\/div>\n<\/div><\/div>\n<\/div>\n<\/div>\n<\/div>\n<\/div>\n<\/div>\n<div id=\"cmsmasters_row_1bf2776a18\" class=\"cmsmasters_row cmsmasters_color_scheme_default cmsmasters_row_top_default cmsmasters_row_bot_default cmsmasters_row_boxed\">\n<div class=\"cmsmasters_row_outer_parent\">\n<div class=\"cmsmasters_row_outer\">\n<div class=\"cmsmasters_row_inner\">\n<div class=\"cmsmasters_row_margin\">\n<div id=\"cmsmasters_column_dad4c9567f\" class=\"cmsmasters_column one_first\">\n<div class=\"cmsmasters_column_inner\"><div id=\"cmsmasters_heading_a3679e6094\" class=\"cmsmasters_heading_wrap cmsmasters_heading_align_center\">\n\t<h1 class=\"cmsmasters_heading\">Equipo<\/h1>\n<\/div><div id=\"cmsmasters_heading_3e7f1b251b\" class=\"cmsmasters_heading_wrap cmsmasters_heading_align_center\">\n\t<h2 class=\"cmsmasters_heading\">Sabri\u00e0 &amp; Gabarr\u00f3 mantiene intactos los valores que, desde su origen, inspiraron su praxis profesional: calidad, integridad, independencia y celeridad.<\/h2>\n<\/div>\n<div id=\"cmsmasters_profile_69f84e36b372a\" class=\"cmsmasters_profile horizontal\">\n<!-- Start Profile Horizontal Article -->\n<article id=\"post-14734\" class=\"cmsmasters_profile_horizontal one_half post-14734 profile type-profile status-publish has-post-thumbnail hentry pl-categs-socis-fundadors-ca\">\n\t<div class=\"profile_outer\">\n\t<div class=\"pl_img_wrap\"><figure class=\"cmsmasters_img_wrap\"><a href=\"https:\/\/sabriagabarro.com\/ca\/profile\/sofia-gabarro-taule\/\" title=\"Sofia Gabarr\u00f3 Taul\u00e9\" class=\"cmsmasters_img_link\"><img width=\"300\" height=\"300\" src=\"https:\/\/sabriagabarro.com\/wp-content\/uploads\/2016\/06\/work3-300x300.jpg\" class=\" wp-post-image\" alt=\"Sofia Gabarr\u00f3 Taul\u00e9\" loading=\"lazy\" title=\"sofia gabarro\" srcset=\"https:\/\/sabriagabarro.com\/wp-content\/uploads\/2016\/06\/work3-300x300.jpg 300w, https:\/\/sabriagabarro.com\/wp-content\/uploads\/2016\/06\/work3-540x540.jpg 540w, https:\/\/sabriagabarro.com\/wp-content\/uploads\/2016\/06\/work3-100x100.jpg 100w, https:\/\/sabriagabarro.com\/wp-content\/uploads\/2016\/06\/work3-150x150.jpg 150w, https:\/\/sabriagabarro.com\/wp-content\/uploads\/2016\/06\/work3-90x90.jpg 90w\" sizes=\"(max-width: 300px) 100vw, 300px\" \/><\/a><\/figure><\/div><div class=\"profile_inner\"><header class=\"cmsmasters_profile_header entry-header\"><h3 class=\"cmsmasters_profile_title entry-title\"><a href=\"https:\/\/sabriagabarro.com\/ca\/profile\/sofia-gabarro-taule\/\">Sofia Gabarr\u00f3 Taul\u00e9<\/a><\/h3><h6 class=\"cmsmasters_profile_subtitle\">Soci fundador<\/h6><\/header><div class=\"cmsmasters_profile_content entry-content\">\n<p>Socia fundadora Sabria & Gabarro Abogados<\/p>\n<\/div>\n<\/div>\t<\/div>\n<\/article>\n<!-- Finish Profile Horizontal Article -->\n\n<!-- Start Profile Horizontal Article -->\n<article id=\"post-14720\" class=\"cmsmasters_profile_horizontal one_half post-14720 profile type-profile status-publish has-post-thumbnail hentry pl-categs-socis-fundadors-ca\">\n\t<div class=\"profile_outer\">\n\t<div class=\"pl_img_wrap\"><figure class=\"cmsmasters_img_wrap\"><a href=\"https:\/\/sabriagabarro.com\/ca\/profile\/jordi-sabria-creixell\/\" title=\"Jordi Sabri\u00e0 Creixell\" class=\"cmsmasters_img_link\"><img width=\"300\" height=\"300\" src=\"https:\/\/sabriagabarro.com\/wp-content\/uploads\/2016\/12\/work5-300x300.jpg\" class=\" wp-post-image\" alt=\"Jordi Sabri\u00e0 Creixell\" loading=\"lazy\" title=\"sabriagabarro_abogados\" srcset=\"https:\/\/sabriagabarro.com\/wp-content\/uploads\/2016\/12\/work5-300x300.jpg 300w, https:\/\/sabriagabarro.com\/wp-content\/uploads\/2016\/12\/work5-540x540.jpg 540w, https:\/\/sabriagabarro.com\/wp-content\/uploads\/2016\/12\/work5-100x100.jpg 100w, https:\/\/sabriagabarro.com\/wp-content\/uploads\/2016\/12\/work5-150x150.jpg 150w, https:\/\/sabriagabarro.com\/wp-content\/uploads\/2016\/12\/work5-90x90.jpg 90w\" sizes=\"(max-width: 300px) 100vw, 300px\" \/><\/a><\/figure><\/div><div class=\"profile_inner\"><header class=\"cmsmasters_profile_header entry-header\"><h3 class=\"cmsmasters_profile_title entry-title\"><a href=\"https:\/\/sabriagabarro.com\/ca\/profile\/jordi-sabria-creixell\/\">Jordi Sabri\u00e0 Creixell<\/a><\/h3><h6 class=\"cmsmasters_profile_subtitle\">Soci fundador<\/h6><\/header><div class=\"cmsmasters_profile_content entry-content\">\n<p>Socio fundador Sabria & Gabarro Abogados<\/p>\n<\/div>\n<\/div>\t<\/div>\n<\/article>\n<!-- Finish Profile Horizontal Article -->\n\n<\/div>\n\n<div id=\"cmsmasters_divider_5ba518a87e\" class=\"cl\"><\/div>\n<\/div><\/div>\n<\/div>\n<\/div>\n<\/div>\n<\/div>\n<\/div>\n\n","protected":false},"excerpt":{"rendered":"","protected":false},"author":1,"featured_media":0,"parent":0,"menu_order":0,"comment_status":"closed","ping_status":"closed","template":"","meta":[],"yoast_head":"<!-- This site is optimized with the Yoast SEO plugin v19.8 - https:\/\/yoast.com\/wordpress\/plugins\/seo\/ -->\n<title>El nostre bufet d&#039;advocats - Sabria &amp; Gabarro<\/title>\n<meta name=\"robots\" content=\"index, follow, max-snippet:-1, max-image-preview:large, max-video-preview:-1\" \/>\n<link rel=\"canonical\" href=\"https:\/\/sabriagabarro.com\/ca\/nostre-bufet-dadvocats\/\" \/>\n<meta property=\"og:locale\" content=\"ca_ES\" \/>\n<meta property=\"og:type\" content=\"article\" \/>\n<meta property=\"og:title\" content=\"El nostre bufet d&#039;advocats - Sabria &amp; Gabarro\" \/>\n<meta property=\"og:url\" content=\"https:\/\/sabriagabarro.com\/ca\/nostre-bufet-dadvocats\/\" \/>\n<meta property=\"og:site_name\" content=\"Sabria &amp; Gabarro\" \/>\n<meta property=\"article:modified_time\" content=\"2021-10-07T18:20:11+00:00\" \/>\n<meta name=\"twitter:card\" content=\"summary_large_image\" \/>\n<meta name=\"twitter:label1\" content=\"Temps estimat de lectura\" \/>\n\t<meta name=\"twitter:data1\" content=\"3 minuts\" \/>\n<script type=\"application\/ld+json\" class=\"yoast-schema-graph\">{\"@context\":\"https:\/\/schema.org\",\"@graph\":[{\"@type\":\"WebPage\",\"@id\":\"https:\/\/sabriagabarro.com\/ca\/nostre-bufet-dadvocats\/\",\"url\":\"https:\/\/sabriagabarro.com\/ca\/nostre-bufet-dadvocats\/\",\"name\":\"El nostre bufet d'advocats - Sabria &amp; Gabarro\",\"isPartOf\":{\"@id\":\"https:\/\/sabriagabarro.com\/en\/#website\"},\"datePublished\":\"2017-01-23T10:55:43+00:00\",\"dateModified\":\"2021-10-07T18:20:11+00:00\",\"breadcrumb\":{\"@id\":\"https:\/\/sabriagabarro.com\/ca\/nostre-bufet-dadvocats\/#breadcrumb\"},\"inLanguage\":\"ca\",\"potentialAction\":[{\"@type\":\"ReadAction\",\"target\":[\"https:\/\/sabriagabarro.com\/ca\/nostre-bufet-dadvocats\/\"]}]},{\"@type\":\"BreadcrumbList\",\"@id\":\"https:\/\/sabriagabarro.com\/ca\/nostre-bufet-dadvocats\/#breadcrumb\",\"itemListElement\":[{\"@type\":\"ListItem\",\"position\":1,\"name\":\"Portada\",\"item\":\"https:\/\/sabriagabarro.com\/ca\/\"},{\"@type\":\"ListItem\",\"position\":2,\"name\":\"El nostre bufet d&#8217;advocats\"}]},{\"@type\":\"WebSite\",\"@id\":\"https:\/\/sabriagabarro.com\/en\/#website\",\"url\":\"https:\/\/sabriagabarro.com\/en\/\",\"name\":\"Sabria &amp; Gabarro\",\"description\":\"Abogados\",\"potentialAction\":[{\"@type\":\"SearchAction\",\"target\":{\"@type\":\"EntryPoint\",\"urlTemplate\":\"https:\/\/sabriagabarro.com\/en\/?s={search_term_string}\"},\"query-input\":\"required name=search_term_string\"}],\"inLanguage\":\"ca\"}]}<\/script>\n<!-- \/ Yoast SEO plugin. -->","yoast_head_json":{"title":"El nostre bufet d'advocats - Sabria &amp; Gabarro","robots":{"index":"index","follow":"follow","max-snippet":"max-snippet:-1","max-image-preview":"max-image-preview:large","max-video-preview":"max-video-preview:-1"},"canonical":"https:\/\/sabriagabarro.com\/ca\/nostre-bufet-dadvocats\/","og_locale":"ca_ES","og_type":"article","og_title":"El nostre bufet d'advocats - Sabria &amp; Gabarro","og_url":"https:\/\/sabriagabarro.com\/ca\/nostre-bufet-dadvocats\/","og_site_name":"Sabria &amp; Gabarro","article_modified_time":"2021-10-07T18:20:11+00:00","twitter_card":"summary_large_image","twitter_misc":{"Temps estimat de lectura":"3 minuts"},"schema":{"@context":"https:\/\/schema.org","@graph":[{"@type":"WebPage","@id":"https:\/\/sabriagabarro.com\/ca\/nostre-bufet-dadvocats\/","url":"https:\/\/sabriagabarro.com\/ca\/nostre-bufet-dadvocats\/","name":"El nostre bufet d'advocats - Sabria &amp; Gabarro","isPartOf":{"@id":"https:\/\/sabriagabarro.com\/en\/#website"},"datePublished":"2017-01-23T10:55:43+00:00","dateModified":"2021-10-07T18:20:11+00:00","breadcrumb":{"@id":"https:\/\/sabriagabarro.com\/ca\/nostre-bufet-dadvocats\/#breadcrumb"},"inLanguage":"ca","potentialAction":[{"@type":"ReadAction","target":["https:\/\/sabriagabarro.com\/ca\/nostre-bufet-dadvocats\/"]}]},{"@type":"BreadcrumbList","@id":"https:\/\/sabriagabarro.com\/ca\/nostre-bufet-dadvocats\/#breadcrumb","itemListElement":[{"@type":"ListItem","position":1,"name":"Portada","item":"https:\/\/sabriagabarro.com\/ca\/"},{"@type":"ListItem","position":2,"name":"El nostre bufet d&#8217;advocats"}]},{"@type":"WebSite","@id":"https:\/\/sabriagabarro.com\/en\/#website","url":"https:\/\/sabriagabarro.com\/en\/","name":"Sabria &amp; Gabarro","description":"Abogados","potentialAction":[{"@type":"SearchAction","target":{"@type":"EntryPoint","urlTemplate":"https:\/\/sabriagabarro.com\/en\/?s={search_term_string}"},"query-input":"required name=search_term_string"}],"inLanguage":"ca"}]}},"_links":{"self":[{"href":"https:\/\/sabriagabarro.com\/ca\/wp-json\/wp\/v2\/pages\/14954"}],"collection":[{"href":"https:\/\/sabriagabarro.com\/ca\/wp-json\/wp\/v2\/pages"}],"about":[{"href":"https:\/\/sabriagabarro.com\/ca\/wp-json\/wp\/v2\/types\/page"}],"author":[{"embeddable":true,"href":"https:\/\/sabriagabarro.com\/ca\/wp-json\/wp\/v2\/users\/1"}],"replies":[{"embeddable":true,"href":"https:\/\/sabriagabarro.com\/ca\/wp-json\/wp\/v2\/comments?post=14954"}],"version-history":[{"count":5,"href":"https:\/\/sabriagabarro.com\/ca\/wp-json\/wp\/v2\/pages\/14954\/revisions"}],"predecessor-version":[{"id":15416,"href":"https:\/\/sabriagabarro.com\/ca\/wp-json\/wp\/v2\/pages\/14954\/revisions\/15416"}],"wp:attachment":[{"href":"https:\/\/sabriagabarro.com\/ca\/wp-json\/wp\/v2\/media?parent=14954"}],"curies":[{"name":"wp","href":"https:\/\/api.w.org\/{rel}","templated":true}]}}